{"id":488,"date":"2017-11-30T12:46:55","date_gmt":"2017-11-30T11:46:55","guid":{"rendered":"http:\/\/kailashyoga.fr\/?page_id=488"},"modified":"2017-11-30T15:51:30","modified_gmt":"2017-11-30T14:51:30","slug":"swami","status":"publish","type":"page","link":"https:\/\/kailashyoga.fr\/index.php\/swami\/","title":{"rendered":"Swami"},"content":{"rendered":"<figure id=\"attachment_489\" aria-describedby=\"caption-attachment-489\" style=\"width: 300px\" class=\"wp-caption aligncenter\"><img loading=\"lazy\" decoding=\"async\" class=\"wp-image-489 size-medium lazyload\" data-src=\"http:\/\/kailashyoga.fr\/wp-content\/uploads\/2017\/11\/sri-sri-sri-satchidananda-yogi-madras-300x225.jpg\" alt=\"\" width=\"300\" height=\"225\" src=\"data:image\/gif;base64,R0lGODlhAQABAAAAACH5BAEKAAEALAAAAAABAAEAAAICTAEAOw==\" style=\"--smush-placeholder-width: 300px; --smush-placeholder-aspect-ratio: 300\/225;\" \/><noscript><img loading=\"lazy\" decoding=\"async\" class=\"wp-image-489 size-medium\" src=\"http:\/\/kailashyoga.fr\/wp-content\/uploads\/2017\/11\/sri-sri-sri-satchidananda-yogi-madras-300x225.jpg\" alt=\"\" width=\"300\" height=\"225\" \/><\/noscript><figcaption id=\"caption-attachment-489\" class=\"wp-caption-text\">Sri Saccidananda Yogi<\/figcaption><\/figure>\n<h1><strong>Sri Sri Sri Saccidananda Yogi<\/strong><\/h1>\n<p>Il est le yogi silencieux de Madras, aujourd&rsquo;hui Chennai en Inde.<\/p>\n<p>Un grand homme d&rsquo;un autre temps, que j&rsquo;ai la chance d&rsquo;avoir c\u00f4toy\u00e9 chaque ann\u00e9e quand j&rsquo;\u00e9tais encore une enfant.<\/p>\n<p>Chaque ann\u00e9e, pendant plusieurs mois, il sillonnait l&rsquo;Europe pour y semer un Yoga complet, exigeant et lib\u00e9rateur.<\/p>\n<p>Lorsque mes parents ont rencontr\u00e9 cet homme, ce grand yogi, cette rencontre a boulevers\u00e9 leur vie. C&rsquo;est comme si tout s&rsquo;ouvrait devant eux, un enseignement sans fin, sans autre objectif que de se laisser guider par ce ma\u00eetre pour acc\u00e9der \u00e0 la connaissance.<\/p>\n<p>Sa pr\u00e9sence seule vous transportait et ses pratiques intemporelles vous transformaient, corps et \u00e2me. Il transmettait un yoga qui int\u00e8gre toutes les formes de la tradition indienne du Yoga : m\u00e9ditation, r\u00e9citation de mantras, Kriya, Seva, Asana, Pranayama.<\/p>\n<p>Swamiji &#8211; tel qu&rsquo;on l&rsquo;appelait &#8211; avait fait voeu de silence. Pendant plus de 40 ans il n&rsquo;a prononc\u00e9 aucun mot. Son enseignement passait par l&rsquo;Exemple. Un homme d&rsquo;une int\u00e9grit\u00e9 et d&rsquo;une foi sans faille, qui n&rsquo;avait besoin que de son silence pour vous convaincre.<\/p>\n<p>Parfois il utilisait l&rsquo;\u00e9crit, sur une ardoise ou du papier pour raconter une histoire, donner une pr\u00e9cision sur la pratique du yoga ou r\u00e9pondre pr\u00e9cis\u00e9ment \u00e0 une question pos\u00e9e.<\/p>\n<p>Voici un court extrait du livre\u00a0<strong><em>Yoga, l&rsquo;Elixir de Vie*<\/em><\/strong> , <a href=\"http:\/\/indiauniversalis.monsite-orange.fr\/yogalelixirdevieetposter50cmx70cm\/index.html\" target=\"_blank\" rel=\"noopener\"><strong>Edition India Universalis<\/strong><\/a> , qui reprend des textes r\u00e9dig\u00e9s par Swamiji, dont voici un passage au sujet de son silence :<\/p>\n<p><em>\u00ab\u00a0<strong>Hari Om<\/strong><\/em><\/p>\n<p><em><strong>Nisabo brahma ucyate\u00a0<\/strong> \u00a0 \u00a0 \u00a0 \u00a0 \u00a0Le brahman est silencieux, dit-on!<\/em><\/p>\n<p><em>Quand nous commen\u00e7ons \u00e0 regarder \u00e0 l&rsquo;int\u00e9rieur, nous voyons un flot de pens\u00e9es que per\u00e7oit notre Soi-t\u00e9moin. Apr\u00e8s cela notre flot se r\u00e9duit \u00e0 un filet de pens\u00e9es, pour finalement dispara\u00eetre, et le Soi-t\u00e9moin exp\u00e9rimente alors le silence du mental dans lequel il trouve une joie sans limite, et cette joie n&rsquo;a ni raison ni conditionnement, elle est infinie et permanente.<\/em><\/p>\n<p><em>(&#8230;)\u00a0<\/em><\/p>\n<p><em>Soyez conscients que tout ce que la nature a cr\u00e9\u00e9 est issu du silence; c&rsquo;est du silence que le son a surgi. Permettez que je vous pose une question. Pouvons-nous r\u00e9duire le son par plus de son? Non, mais nous pouvons dissoudre le son dans le silence, de m\u00eame nous pouvons dissoudre tous nos malheurs, nos mis\u00e8res, nos d\u00e9fauts dans le silence int\u00e9rieur du Soi.\u00a0\u00bb<\/em><\/p>\n<p><em>*Yoga, l&rsquo;Elixir de Vie<\/em>, ouvrage disponible sur le site du <a href=\"http:\/\/www.cefyto.fr\/livres\/\" target=\"_blank\" rel=\"noopener\">Cefyto<\/a><\/p>\n","protected":false},"excerpt":{"rendered":"<p>Sri Sri Sri Saccidananda Yogi Il est le yogi silencieux de Madras, aujourd&rsquo;hui Chennai en Inde. Un grand homme d&rsquo;un autre temps, que j&rsquo;ai la chance d&rsquo;avoir c\u00f4toy\u00e9 chaque ann\u00e9e<a href=\"https:\/\/kailashyoga.fr\/index.php\/swami\/\" class=\"more-link\"><span class=\"readmore\">Continue reading<span class=\"screen-reader-text\">Swami<\/span><\/span><\/a><\/p>\n","protected":false},"author":1,"featured_media":0,"parent":0,"menu_order":0,"comment_status":"closed","ping_status":"closed","template":"","meta":{"_exactmetrics_skip_tracking":false,"_exactmetrics_sitenote_active":false,"_exactmetrics_sitenote_note":"","_exactmetrics_sitenote_category":0,"footnotes":""},"class_list":["post-488","page","type-page","status-publish","hentry"],"_links":{"self":[{"href":"https:\/\/kailashyoga.fr\/index.php\/wp-json\/wp\/v2\/pages\/488","targetHints":{"allow":["GET"]}}],"collection":[{"href":"https:\/\/kailashyoga.fr\/index.php\/wp-json\/wp\/v2\/pages"}],"about":[{"href":"https:\/\/kailashyoga.fr\/index.php\/wp-json\/wp\/v2\/types\/page"}],"author":[{"embeddable":true,"href":"https:\/\/kailashyoga.fr\/index.php\/wp-json\/wp\/v2\/users\/1"}],"replies":[{"embeddable":true,"href":"https:\/\/kailashyoga.fr\/index.php\/wp-json\/wp\/v2\/comments?post=488"}],"version-history":[{"count":6,"href":"https:\/\/kailashyoga.fr\/index.php\/wp-json\/wp\/v2\/pages\/488\/revisions"}],"predecessor-version":[{"id":530,"href":"https:\/\/kailashyoga.fr\/index.php\/wp-json\/wp\/v2\/pages\/488\/revisions\/530"}],"wp:attachment":[{"href":"https:\/\/kailashyoga.fr\/index.php\/wp-json\/wp\/v2\/media?parent=488"}],"curies":[{"name":"wp","href":"https:\/\/api.w.org\/{rel}","templated":true}]}}