{"id":214,"date":"2017-11-22T12:38:41","date_gmt":"2017-11-22T11:38:41","guid":{"rendered":"http:\/\/kailashyoga.fr\/?page_id=214"},"modified":"2024-09-05T15:11:12","modified_gmt":"2024-09-05T13:11:12","slug":"noelle-milliat","status":"publish","type":"page","link":"https:\/\/kailashyoga.fr\/index.php\/noelle-milliat\/","title":{"rendered":"Enseignants"},"content":{"rendered":"<h1><strong>No\u00eblle Milliat<\/strong><\/h1>\n<figure id=\"attachment_939\" aria-describedby=\"caption-attachment-939\" style=\"width: 300px\" class=\"wp-caption alignnone\"><img loading=\"lazy\" decoding=\"async\" class=\"wp-image-939 size-medium lazyload\" data-src=\"https:\/\/kailashyoga.fr\/wp-content\/uploads\/2019\/12\/Capture-d\u2019e\u0301cran-2019-12-10-a\u0300-15.43.11-300x200.png\" alt=\"\" width=\"300\" height=\"200\" data-srcset=\"https:\/\/kailashyoga.fr\/wp-content\/uploads\/2019\/12\/Capture-d\u2019e\u0301cran-2019-12-10-a\u0300-15.43.11-300x200.png 300w, https:\/\/kailashyoga.fr\/wp-content\/uploads\/2019\/12\/Capture-d\u2019e\u0301cran-2019-12-10-a\u0300-15.43.11-768x513.png 768w, https:\/\/kailashyoga.fr\/wp-content\/uploads\/2019\/12\/Capture-d\u2019e\u0301cran-2019-12-10-a\u0300-15.43.11.png 1008w\" data-sizes=\"auto, (max-width: 300px) 100vw, 300px\" src=\"data:image\/gif;base64,R0lGODlhAQABAAAAACH5BAEKAAEALAAAAAABAAEAAAICTAEAOw==\" style=\"--smush-placeholder-width: 300px; --smush-placeholder-aspect-ratio: 300\/200;\" \/><noscript><img loading=\"lazy\" decoding=\"async\" class=\"wp-image-939 size-medium\" src=\"https:\/\/kailashyoga.fr\/wp-content\/uploads\/2019\/12\/Capture-d\u2019e\u0301cran-2019-12-10-a\u0300-15.43.11-300x200.png\" alt=\"\" width=\"300\" height=\"200\" srcset=\"https:\/\/kailashyoga.fr\/wp-content\/uploads\/2019\/12\/Capture-d\u2019e\u0301cran-2019-12-10-a\u0300-15.43.11-300x200.png 300w, https:\/\/kailashyoga.fr\/wp-content\/uploads\/2019\/12\/Capture-d\u2019e\u0301cran-2019-12-10-a\u0300-15.43.11-768x513.png 768w, https:\/\/kailashyoga.fr\/wp-content\/uploads\/2019\/12\/Capture-d\u2019e\u0301cran-2019-12-10-a\u0300-15.43.11.png 1008w\" sizes=\"auto, (max-width: 300px) 100vw, 300px\" \/><\/noscript><figcaption id=\"caption-attachment-939\" class=\"wp-caption-text\">@frimoussesrennaises<\/figcaption><\/figure>\n<h6>Enseignante de Hatha Yoga \u00e0 Rennes (35) et fondatrice de Kailash Yoga.<\/h6>\n<h6>Directrice p\u00e9dagogique de la formation professeurs de yoga du\u00a0<a href=\"http:\/\/www.cefyto.fr\" target=\"_blank\" rel=\"noopener noreferrer\">Cefyto.<\/a><\/h6>\n<h6>Affil\u00e9e \u00e0 la <a href=\"http:\/\/fidhy.fr\" target=\"_blank\" rel=\"noopener noreferrer\">Fidhy<\/a> (F\u00e9d\u00e9ration Inter-enseignement du Hatha Yoga).<\/h6>\n<p><strong>No\u00eblle Milliat<\/strong>\u00a0a grandi dans une famille de passionn\u00e9s de yoga. Tr\u00e8s jeune elle c\u00f4toie <a href=\"https:\/\/kailashyoga.fr\/index.php\/swami\/\">Sri Sri Sri Saccidananda Yogi<\/a> dont la pr\u00e9sence et les enseignements l\u2019accompagnent encore chaque jour. Elle est alors initi\u00e9e \u00e0 de longues pratiques d\u2019un yoga sans retenue, qui int\u00e8gre toutes les formes de la tradition indienne.<\/p>\n<p>Apr\u00e8s plusieurs ann\u00e9es \u00e0 l\u2019\u00e9tranger, notamment en Asie, elle d\u00e9cide de revenir en France et commence \u00e0 enseigner le yoga qu\u2019elle souhaitait exp\u00e9rimenter pleinement avant de transmettre cette grande discipline. Ses rencontres, les enseignements vari\u00e9s et sa famille en yoga ont influenc\u00e9 son enseignement et les formations qu\u2019elle dirige aujourd\u2019hui au Cefyto dans le respect de la tradition du hatha yoga.<\/p>\n<p>No\u00eblle propose un yoga complet, engageant, pr\u00e9cis et elle veille \u00e0 ce que tous puissent acc\u00e9der \u00e0 ce savoir ancestral avec sa joie et son enthousiasme.<\/p>\n<p>A lire aussi dans la presse : <a href=\"https:\/\/kailashyoga.fr\/index.php\/kailash-yoga-dans-la-presse\/\" target=\"_blank\" rel=\"noopener noreferrer\"><strong>quelques articles<\/strong><\/a><\/p>\n<figure id=\"attachment_1602\" aria-describedby=\"caption-attachment-1602\" style=\"width: 300px\" class=\"wp-caption aligncenter\"><img loading=\"lazy\" decoding=\"async\" class=\"size-medium wp-image-1602 lazyload\" data-src=\"https:\/\/kailashyoga.fr\/wp-content\/uploads\/2022\/07\/Raggi-No-Norway-300x146.jpg\" alt=\"\" width=\"300\" height=\"146\" data-srcset=\"https:\/\/kailashyoga.fr\/wp-content\/uploads\/2022\/07\/Raggi-No-Norway-300x146.jpg 300w, https:\/\/kailashyoga.fr\/wp-content\/uploads\/2022\/07\/Raggi-No-Norway-1024x498.jpg 1024w, https:\/\/kailashyoga.fr\/wp-content\/uploads\/2022\/07\/Raggi-No-Norway-768x374.jpg 768w, https:\/\/kailashyoga.fr\/wp-content\/uploads\/2022\/07\/Raggi-No-Norway-1536x747.jpg 1536w, https:\/\/kailashyoga.fr\/wp-content\/uploads\/2022\/07\/Raggi-No-Norway-2048x996.jpg 2048w\" data-sizes=\"auto, (max-width: 300px) 100vw, 300px\" src=\"data:image\/gif;base64,R0lGODlhAQABAAAAACH5BAEKAAEALAAAAAABAAEAAAICTAEAOw==\" style=\"--smush-placeholder-width: 300px; --smush-placeholder-aspect-ratio: 300\/146;\" \/><noscript><img loading=\"lazy\" decoding=\"async\" class=\"size-medium wp-image-1602\" src=\"https:\/\/kailashyoga.fr\/wp-content\/uploads\/2022\/07\/Raggi-No-Norway-300x146.jpg\" alt=\"\" width=\"300\" height=\"146\" srcset=\"https:\/\/kailashyoga.fr\/wp-content\/uploads\/2022\/07\/Raggi-No-Norway-300x146.jpg 300w, https:\/\/kailashyoga.fr\/wp-content\/uploads\/2022\/07\/Raggi-No-Norway-1024x498.jpg 1024w, https:\/\/kailashyoga.fr\/wp-content\/uploads\/2022\/07\/Raggi-No-Norway-768x374.jpg 768w, https:\/\/kailashyoga.fr\/wp-content\/uploads\/2022\/07\/Raggi-No-Norway-1536x747.jpg 1536w, https:\/\/kailashyoga.fr\/wp-content\/uploads\/2022\/07\/Raggi-No-Norway-2048x996.jpg 2048w\" sizes=\"auto, (max-width: 300px) 100vw, 300px\" \/><\/noscript><figcaption id=\"caption-attachment-1602\" class=\"wp-caption-text\">No\u00eblle &amp; Raggi<\/figcaption><\/figure>\n<h1><strong>Raggi <\/strong>(Ragnar Oskarsson)<\/h1>\n<p><img loading=\"lazy\" decoding=\"async\" class=\"size-medium wp-image-1960 lazyload\" data-src=\"https:\/\/kailashyoga.fr\/wp-content\/uploads\/2024\/09\/457751093_3659003620982191_4336555821756515004_n-300x225.jpg\" alt=\"\" width=\"300\" height=\"225\" data-srcset=\"https:\/\/kailashyoga.fr\/wp-content\/uploads\/2024\/09\/457751093_3659003620982191_4336555821756515004_n-300x225.jpg 300w, https:\/\/kailashyoga.fr\/wp-content\/uploads\/2024\/09\/457751093_3659003620982191_4336555821756515004_n-1024x768.jpg 1024w, https:\/\/kailashyoga.fr\/wp-content\/uploads\/2024\/09\/457751093_3659003620982191_4336555821756515004_n-768x576.jpg 768w, https:\/\/kailashyoga.fr\/wp-content\/uploads\/2024\/09\/457751093_3659003620982191_4336555821756515004_n-1536x1152.jpg 1536w, https:\/\/kailashyoga.fr\/wp-content\/uploads\/2024\/09\/457751093_3659003620982191_4336555821756515004_n-960x720.jpg 960w, https:\/\/kailashyoga.fr\/wp-content\/uploads\/2024\/09\/457751093_3659003620982191_4336555821756515004_n-640x480.jpg 640w, https:\/\/kailashyoga.fr\/wp-content\/uploads\/2024\/09\/457751093_3659003620982191_4336555821756515004_n.jpg 2016w\" data-sizes=\"auto, (max-width: 300px) 100vw, 300px\" src=\"data:image\/gif;base64,R0lGODlhAQABAAAAACH5BAEKAAEALAAAAAABAAEAAAICTAEAOw==\" style=\"--smush-placeholder-width: 300px; --smush-placeholder-aspect-ratio: 300\/225;\" \/><noscript><img loading=\"lazy\" decoding=\"async\" class=\"size-medium wp-image-1960\" src=\"https:\/\/kailashyoga.fr\/wp-content\/uploads\/2024\/09\/457751093_3659003620982191_4336555821756515004_n-300x225.jpg\" alt=\"\" width=\"300\" height=\"225\" srcset=\"https:\/\/kailashyoga.fr\/wp-content\/uploads\/2024\/09\/457751093_3659003620982191_4336555821756515004_n-300x225.jpg 300w, https:\/\/kailashyoga.fr\/wp-content\/uploads\/2024\/09\/457751093_3659003620982191_4336555821756515004_n-1024x768.jpg 1024w, https:\/\/kailashyoga.fr\/wp-content\/uploads\/2024\/09\/457751093_3659003620982191_4336555821756515004_n-768x576.jpg 768w, https:\/\/kailashyoga.fr\/wp-content\/uploads\/2024\/09\/457751093_3659003620982191_4336555821756515004_n-1536x1152.jpg 1536w, https:\/\/kailashyoga.fr\/wp-content\/uploads\/2024\/09\/457751093_3659003620982191_4336555821756515004_n-960x720.jpg 960w, https:\/\/kailashyoga.fr\/wp-content\/uploads\/2024\/09\/457751093_3659003620982191_4336555821756515004_n-640x480.jpg 640w, https:\/\/kailashyoga.fr\/wp-content\/uploads\/2024\/09\/457751093_3659003620982191_4336555821756515004_n.jpg 2016w\" sizes=\"auto, (max-width: 300px) 100vw, 300px\" \/><\/noscript><\/p>\n<h6>Enseignant de hatha yoga &#8211; Pr\u00e9parateur physique<\/h6>\n<h6>Affil\u00e9 \u00e0 la <a href=\"http:\/\/fidhy.fr\" target=\"_blank\" rel=\"noopener noreferrer\">Fidhy<\/a> (F\u00e9d\u00e9ration Inter-enseignement du Hatha Yoga).<\/h6>\n<p><strong>Ragnar \u00d3skarsson<\/strong> est enseignant de hatha yoga. Islandais, son surnom est Raggi. Il grandit \u00e0 Reykjavik puis devient joueur de handball au plus haut niveau en France et ailleurs.\u00a0Apr\u00e8s sa carri\u00e8re il devient pr\u00e9parateur physique et il consacre les dix ann\u00e9es suivantes \u00e0 travailler aupr\u00e8s de sportifs professionnels.<\/p>\n<p>Lorsqu\u2019il d\u00e9couvre le Hatha Yoga il s\u2019int\u00e9resse d\u2019abord aux asanas. Petit \u00e0 petit c\u2019est tout un univers qui s\u2019ouvre \u00e0 lui bien au-del\u00e0 de ce qu\u2019il avait imagin\u00e9 en poussant la porte d\u2019une salle de yoga. Il d\u00e9couvre que la pratique physique qu\u2019il conna\u00eet tant n\u2019est que la porte d\u2019entr\u00e9e d\u2019un nouveau monde qui le fascine et le passionne. Il d\u00e9cide de s\u2019immerger dans le Yoga et son \u00e9tude infinie et entre en formation au <a href=\"https:\/\/kailashyoga.fr\/index.php\/formation\/\">Cefyto<\/a> (Centre d&rsquo;\u00c9tudes et de Formation en Yoga Traditionnel).<\/p>\n<p>Raggi propose un yoga traditionnel auquel il associe ses autres comp\u00e9tences dans des cours accessibles \u00e0 tous les niveaux.<\/p>\n<figure id=\"attachment_1097\" aria-describedby=\"caption-attachment-1097\" style=\"width: 150px\" class=\"wp-caption aligncenter\"><img loading=\"lazy\" decoding=\"async\" class=\"wp-image-1097 size-thumbnail lazyload\" data-src=\"https:\/\/kailashyoga.fr\/wp-content\/uploads\/2020\/09\/Capture-d\u2019e\u0301cran-2020-09-01-a\u0300-11.41.00-150x150.png\" alt=\"\" width=\"150\" height=\"150\" data-srcset=\"https:\/\/kailashyoga.fr\/wp-content\/uploads\/2020\/09\/Capture-d\u2019e\u0301cran-2020-09-01-a\u0300-11.41.00-150x150.png 150w, https:\/\/kailashyoga.fr\/wp-content\/uploads\/2020\/09\/Capture-d\u2019e\u0301cran-2020-09-01-a\u0300-11.41.00-180x180.png 180w\" data-sizes=\"auto, (max-width: 150px) 100vw, 150px\" src=\"data:image\/gif;base64,R0lGODlhAQABAAAAACH5BAEKAAEALAAAAAABAAEAAAICTAEAOw==\" style=\"--smush-placeholder-width: 150px; --smush-placeholder-aspect-ratio: 150\/150;\" \/><noscript><img loading=\"lazy\" decoding=\"async\" class=\"wp-image-1097 size-thumbnail\" src=\"https:\/\/kailashyoga.fr\/wp-content\/uploads\/2020\/09\/Capture-d\u2019e\u0301cran-2020-09-01-a\u0300-11.41.00-150x150.png\" alt=\"\" width=\"150\" height=\"150\" srcset=\"https:\/\/kailashyoga.fr\/wp-content\/uploads\/2020\/09\/Capture-d\u2019e\u0301cran-2020-09-01-a\u0300-11.41.00-150x150.png 150w, https:\/\/kailashyoga.fr\/wp-content\/uploads\/2020\/09\/Capture-d\u2019e\u0301cran-2020-09-01-a\u0300-11.41.00-180x180.png 180w\" sizes=\"auto, (max-width: 150px) 100vw, 150px\" \/><\/noscript><figcaption id=\"caption-attachment-1097\" class=\"wp-caption-text\">Raggi<\/figcaption><\/figure>\n<p style=\"text-align: center;\"><em>Aujourd&rsquo;hui nous partageons cette passion du yoga et nous sommes heureux de vous la faire d\u00e9couvrir dans nos cours de Hatha Yoga.<\/em><br \/>\n<em>A tr\u00e8s bient\u00f4t\u00a0<span class=\"_5mfr\"><span class=\"_6qdm\">\ud83d\ude4f\ud83c\udffc<\/span><\/span><\/em><\/p>\n<p style=\"text-align: center;\"><em>No\u00eblle &amp; Raggi<\/em><\/p>\n<article><\/article>\n<article><\/article>\n<article><\/article>\n<article><\/article>\n<article><\/article>\n<article><\/article>\n<article><\/article>\n<article id=\"post-36\" class=\"post-36 page type-page status-publish has-post-thumbnail hentry\">Mail :<strong> contact@kailashyoga.fr<\/strong><\/article>\n<article class=\"post-36 page type-page status-publish has-post-thumbnail hentry\">Tel : +33 6 72 74 81 61<\/article>\n<article class=\"post-36 page type-page status-publish has-post-thumbnail hentry\"><strong><a href=\"https:\/\/fr-fr.facebook.com\/kailashyogafrance\/\">Facebook<\/a><\/strong><\/article>\n<article class=\"post-36 page type-page status-publish has-post-thumbnail hentry\"><strong><a href=\"https:\/\/www.instagram.com\/noelle_milliat_kailash_yoga\/?hl=fr\" target=\"_blank\" rel=\"noopener noreferrer\">Instagram<\/a><\/strong><\/article>\n","protected":false},"excerpt":{"rendered":"<p>No\u00eblle Milliat Enseignante de Hatha Yoga \u00e0 Rennes (35) et fondatrice de Kailash Yoga. Directrice p\u00e9dagogique de la formation professeurs de yoga du\u00a0Cefyto. Affil\u00e9e \u00e0 la Fidhy (F\u00e9d\u00e9ration Inter-enseignement du<a href=\"https:\/\/kailashyoga.fr\/index.php\/noelle-milliat\/\" class=\"more-link\"><span class=\"readmore\">Continue reading<span class=\"screen-reader-text\">Enseignants<\/span><\/span><\/a><\/p>\n","protected":false},"author":1,"featured_media":0,"parent":0,"menu_order":0,"comment_status":"closed","ping_status":"closed","template":"","meta":{"_exactmetrics_skip_tracking":false,"_exactmetrics_sitenote_active":false,"_exactmetrics_sitenote_note":"","_exactmetrics_sitenote_category":0,"footnotes":""},"class_list":["post-214","page","type-page","status-publish","hentry"],"_links":{"self":[{"href":"https:\/\/kailashyoga.fr\/index.php\/wp-json\/wp\/v2\/pages\/214","targetHints":{"allow":["GET"]}}],"collection":[{"href":"https:\/\/kailashyoga.fr\/index.php\/wp-json\/wp\/v2\/pages"}],"about":[{"href":"https:\/\/kailashyoga.fr\/index.php\/wp-json\/wp\/v2\/types\/page"}],"author":[{"embeddable":true,"href":"https:\/\/kailashyoga.fr\/index.php\/wp-json\/wp\/v2\/users\/1"}],"replies":[{"embeddable":true,"href":"https:\/\/kailashyoga.fr\/index.php\/wp-json\/wp\/v2\/comments?post=214"}],"version-history":[{"count":42,"href":"https:\/\/kailashyoga.fr\/index.php\/wp-json\/wp\/v2\/pages\/214\/revisions"}],"predecessor-version":[{"id":1962,"href":"https:\/\/kailashyoga.fr\/index.php\/wp-json\/wp\/v2\/pages\/214\/revisions\/1962"}],"wp:attachment":[{"href":"https:\/\/kailashyoga.fr\/index.php\/wp-json\/wp\/v2\/media?parent=214"}],"curies":[{"name":"wp","href":"https:\/\/api.w.org\/{rel}","templated":true}]}}