{"id":185,"date":"2017-11-21T12:43:26","date_gmt":"2017-11-21T11:43:26","guid":{"rendered":"http:\/\/kailashyoga.fr\/?page_id=185"},"modified":"2026-03-17T10:21:00","modified_gmt":"2026-03-17T09:21:00","slug":"cours-de-yoga-a-rennes","status":"publish","type":"page","link":"https:\/\/kailashyoga.fr\/index.php\/cours-de-yoga-a-rennes\/","title":{"rendered":"Horaires, tarifs et r\u00e9servations"},"content":{"rendered":"\n<h1 class=\"wp-block-heading has-text-align-center\">Cours de Yoga \u00e0 Rennes, centre ville<\/h1>\n\n\n<div class=\"wp-block-image wp-image-1293 size-medium\">\n<figure class=\"aligncenter size-large is-resized\"><img loading=\"lazy\" decoding=\"async\" width=\"1024\" height=\"1024\" data-src=\"https:\/\/kailashyoga.fr\/wp-content\/uploads\/2025\/11\/9-1-1024x1024.png\" alt=\"\" class=\"wp-image-2157 lazyload\" style=\"--smush-placeholder-width: 1024px; --smush-placeholder-aspect-ratio: 1024\/1024;width:288px;height:auto\" data-srcset=\"https:\/\/kailashyoga.fr\/wp-content\/uploads\/2025\/11\/9-1-1024x1024.png 1024w, https:\/\/kailashyoga.fr\/wp-content\/uploads\/2025\/11\/9-1-300x300.png 300w, https:\/\/kailashyoga.fr\/wp-content\/uploads\/2025\/11\/9-1-150x150.png 150w, https:\/\/kailashyoga.fr\/wp-content\/uploads\/2025\/11\/9-1-768x768.png 768w, https:\/\/kailashyoga.fr\/wp-content\/uploads\/2025\/11\/9-1-640x640.png 640w, https:\/\/kailashyoga.fr\/wp-content\/uploads\/2025\/11\/9-1-180x180.png 180w, https:\/\/kailashyoga.fr\/wp-content\/uploads\/2025\/11\/9-1.png 1080w\" data-sizes=\"auto, (max-width: 1024px) 100vw, 1024px\" src=\"data:image\/gif;base64,R0lGODlhAQABAAAAACH5BAEKAAEALAAAAAABAAEAAAICTAEAOw==\" \/><noscript><img loading=\"lazy\" decoding=\"async\" width=\"1024\" height=\"1024\" src=\"https:\/\/kailashyoga.fr\/wp-content\/uploads\/2025\/11\/9-1-1024x1024.png\" alt=\"\" class=\"wp-image-2157\" style=\"width:288px;height:auto\" srcset=\"https:\/\/kailashyoga.fr\/wp-content\/uploads\/2025\/11\/9-1-1024x1024.png 1024w, https:\/\/kailashyoga.fr\/wp-content\/uploads\/2025\/11\/9-1-300x300.png 300w, https:\/\/kailashyoga.fr\/wp-content\/uploads\/2025\/11\/9-1-150x150.png 150w, https:\/\/kailashyoga.fr\/wp-content\/uploads\/2025\/11\/9-1-768x768.png 768w, https:\/\/kailashyoga.fr\/wp-content\/uploads\/2025\/11\/9-1-640x640.png 640w, https:\/\/kailashyoga.fr\/wp-content\/uploads\/2025\/11\/9-1-180x180.png 180w, https:\/\/kailashyoga.fr\/wp-content\/uploads\/2025\/11\/9-1.png 1080w\" sizes=\"auto, (max-width: 1024px) 100vw, 1024px\" \/><\/noscript><figcaption class=\"wp-element-caption\">Tous les cours, ateliers et stages en cartes cadeaux!<\/figcaption><\/figure><\/div>\n\n\n<div class=\"\" data-block=\"true\" data-editor=\"edavj\" data-offset-key=\"eteia-0-0\">\n<h3 style=\"text-align: center;\" data-offset-key=\"eteia-0-0\"><span style=\"background-color: #ffffff;\"><span style=\"color: #000000;\">2025-2026<\/span><\/span><\/h3>\n<h2><strong>Horaires des cours hebdomadaires :<\/strong><\/h2>\n<p><span style=\"color: #000000;\"><strong>2 enseignants : <a href=\"https:\/\/kailashyoga.fr\/index.php\/noelle-milliat\/\" target=\"_blank\" rel=\"noopener\">No\u00eblle<\/a> (N) et <a href=\"https:\/\/kailashyoga.fr\/index.php\/noelle-milliat\/\" target=\"_blank\" rel=\"noopener\">Raggi<\/a> (R) \/ tous niveaux \/ cours d&rsquo;1h<\/strong><\/span><\/p>\n<\/div>\n\n\n\n<p><span style=\"color: #993366;\"><strong><mark>Lundi<\/mark><\/strong><\/span>  11h15 (R) ; 12h30 (N) ; 18h30 (N)<\/p>\n\n\n\n<p><span style=\"font-size: inherit; font-family: -apple-system, BlinkMacSystemFont, 'Segoe UI', Roboto, Oxygen-Sans, Ubuntu, Cantarell, 'Helvetica Neue', sans-serif;\"><span style=\"color: #993366;\"><strong><mark>Mardi<\/mark><\/strong><\/span><strong><span style=\"color: #993366;\"> <\/span><\/strong> 18h00 (N) ; 19h15 (N)<\/span><\/p>\n\n\n\n<p><strong><span style=\"color: #993366;\"><mark>Mercredi<\/mark> <\/span><\/strong> 7h15 (R)<\/p>\n\n\n\n<p><span style=\"color: #993366;\"><strong><mark>Jeudi<\/mark> <\/strong><\/span> 12h30 (N\/R) ; 18h30 (R)<\/p>\n\n\n\n<p><strong><span style=\"color: #993366;\"><mark>Vendredi<\/mark><\/span><\/strong>  9h30 (N) ; 12h30 (N)<\/p>\n\n\n\n<p><mark>REPRISE DES COURS LUNDI 8 SEPTEMBRE 2025<\/mark><\/p>\n\n\n\n<p><span style=\"color: #000000;\"><em><strong>Acc\u00e8s \u00e0 tous les cours et \u00e0 tous les horaires avec r\u00e9servation en ligne&nbsp;<\/strong>pour les cartes, abonnements et cours d&rsquo;essai.<\/em><\/span><\/p>\n\n\n\n<h2 class=\"wp-block-heading\"><strong>R\u00e9servations en ligne :<\/strong><\/h2>\n\n\n\n<script>\n  if (typeof hasAmeliaAppointment === 'undefined') {\n    var hasAmeliaAppointment = true;\n  }\n  if (typeof hasAppointmentApiCall === 'undefined' && '' === '') {\n    var hasAppointmentApiCall = true;\n  }\n  var hasBookingShortcode = (typeof hasBookingShortcode === 'undefined') ? false : true;\n  var bookingEntitiesIds = (typeof bookingEntitiesIds === 'undefined') ? [] : bookingEntitiesIds;\n  bookingEntitiesIds.push(\n    {\n      'hasApiCall': (typeof hasAppointmentApiCall !== 'undefined') && hasAppointmentApiCall,\n      'trigger': '',\n      'show': '',\n      'counter': '0',\n      'category': '',\n      'service': '1',\n      'employee': '',\n      'location': ''\n    }\n  );\n  var lazyBookingEntitiesIds = (typeof lazyBookingEntitiesIds === 'undefined') ? [] : lazyBookingEntitiesIds;\n  if (bookingEntitiesIds[bookingEntitiesIds.length - 1].trigger !== '') {\n    lazyBookingEntitiesIds.push(bookingEntitiesIds.pop());\n  }\n  if (typeof hasAppointmentApiCall !== 'undefined' && hasAppointmentApiCall) {\n    hasAppointmentApiCall = false;\n  }\n<\/script>\n\n<div id=\"amelia-app-booking0\" class=\"amelia-booking amelia-frontend amelia-app-booking\">\n  <booking id=\"amelia-step-booking0\"><\/booking>\n<\/div>\n\n\n\n\n<p>Vous pouvez g\u00e9rer vos r\u00e9servations sur votre espace compte personnel:<strong>&nbsp;<\/strong><a href=\"https:\/\/kailashyoga.fr\/mon-compte\/\" target=\"_blank\" rel=\"noreferrer noopener\"><strong>https:\/\/kailashyoga.fr\/mon-compte\/<\/strong><\/a><br>(<em>Lors de votre premi\u00e8re connexion au compte client cliquez sur mot de passe oubli\u00e9 pour cr\u00e9er un mot de passe<\/em>)<\/p>\n\n\n\n<h2 class=\"wp-block-heading\"><\/h2>\n\n\n\n<h2 class=\"wp-block-heading\"><strong>Tarifs \u00e0 la carte ou \u00e0 l&rsquo;ann\u00e9e*:<\/strong><\/h2>\n\n\n\n<ul class=\"wp-block-list\">\n<li><span style=\"font-size: 1.25rem;\"><strong>Cours d\u2019essai<\/strong> : 15\u20ac pour 2 cours d\u2019essai<\/span> <\/li>\n\n\n\n<li><strong>Cours \u00e0 l\u2019unit\u00e9<\/strong> : 18\u20ac<\/li>\n\n\n\n<li><strong>Carte de 10 cours<\/strong> : 160\u20ac (validit\u00e9 5 mois)<strong>&nbsp;<\/strong><\/li>\n<\/ul>\n\n\n\n<p>>> <strong><em>R\u00e8glements ch\u00e8ques \u00e0 l&rsquo;ordre de : MILLIAT<\/em><\/strong><\/p>\n\n\n\n<h2 class=\"wp-block-heading\"><strong>Abonnements annuels*\/** :<\/strong><\/h2>\n\n\n\n<ul class=\"wp-block-list\">\n<li><strong>1 cours\/semaine<\/strong><span style=\"font-size: 1.375rem;\">,&nbsp;<\/span>horaires libres, sur 33 semaines : 450\u20ac<\/li>\n<\/ul>\n\n\n\n<p>(13,60\u20ac le cours; r\u00e8glement en 3 ch\u00e8ques de 150\u20ac)*<\/p>\n\n\n\n<ul class=\"wp-block-list\">\n<li><strong>Abonnement illimit\u00e9<\/strong>, horaires libres, sur 33 semaines : 690\u20ac<\/li>\n<\/ul>\n\n\n\n<p>(10\u20ac le cours \u00e0 partir de 2 cours\/semaine; 6,90\u20ac \u00e0 partir de 3 cours\/sem ; r\u00e8glement en 3 ch\u00e8ques de 230\u20ac)*<\/p>\n\n\n\n<p>>> <strong><em>R\u00e8glements ch\u00e8ques \u00e0 l&rsquo;ordre de :<span style=\"color: #f76f7f;\"> <\/span>MILLIAT<\/em><\/strong><\/p>\n\n\n\n<h2 class=\"wp-block-heading\"><strong>Abonnements annuels tarifs r\u00e9duits avec justificatif (\u00e9tudiants, demandeurs d&#8217;emploi, \u00e9l\u00e8ves cefyto) *\/** :<\/strong><\/h2>\n\n\n\n<ul class=\"wp-block-list\">\n<li><strong>1 cours\/semaine<\/strong><span style=\"font-size: 1.375rem;\">,&nbsp;<\/span>horaires libres, sur 33 semaines : 390\u20ac<\/li>\n<\/ul>\n\n\n\n<p>(11,80\u20ac le cours; r\u00e8glement en 3 ch\u00e8ques de 130\u20ac)*<\/p>\n\n\n\n<ul class=\"wp-block-list\">\n<li><strong>Abonnement illimit\u00e9<\/strong>, horaires libres, sur 33 semaines : 630\u20ac<\/li>\n<\/ul>\n\n\n\n<p>(r\u00e8glement en 3 ch\u00e8ques de 210\u20ac)*<\/p>\n\n\n\n<p>>> <strong><em>R\u00e8glements ch\u00e8ques \u00e0 l&rsquo;ordre de :<span style=\"color: #f76f7f;\"> <\/span>MILLIAT<\/em><\/strong><\/p>\n\n\n\n<h2 class=\"wp-block-heading\"><strong>Cours individuels :&nbsp;<\/strong><\/h2>\n\n\n\n<p><strong><a href=\"https:\/\/kailashyoga.fr\/index.php\/cours-individuels\/\" target=\"_blank\" rel=\"noreferrer noopener\">Des cours adapt\u00e9s \u00e0 vos besoins<\/a><\/strong>, quelque soit votre niveau.<\/p>\n\n\n\n<p><strong>Demandes d&rsquo;information et devis cours individuels :<\/strong> oskarssonr@gmail.com<\/p>\n\n\n\n<h2 class=\"wp-block-heading\"><strong>Adresse<\/strong><\/h2>\n\n\n\n<p><strong>Salle <span style=\"color: #f76f7f;\"><a style=\"color: #f76f7f;\" href=\"http:\/\/www.danceaddict.fr\" target=\"_blank\" rel=\"noopener noreferrer\"><mark>Dance Addict<\/mark><\/a><\/span> 16 rue de Brest 35000 Rennes : \u00e0 2 minutes \u00e0 pied de la place des Lices et du Mail<\/strong><\/p>\n\n\n\t\t<div id=\"wpmapblock_7d2a2990\" data-settings='{&quot;map_marker&quot;:[{&quot;lat&quot;:&quot;48.11260516544597&quot;,&quot;lng&quot;:&quot;-1.6894584263554469&quot;,&quot;title&quot;:&quot;Bangladesh&quot;,&quot;content&quot;:&quot;A Beautiful Country&quot;,&quot;iconType&quot;:&quot;default&quot;,&quot;customIconUrl&quot;:&quot;&quot;,&quot;customIconWidth&quot;:&quot;25&quot;,&quot;customIconHeight&quot;:&quot;40&quot;}],&quot;map_zoom&quot;:&quot;16&quot;,&quot;scroll_wheel_zoom&quot;:false,&quot;map_type&quot;:&quot;GM&quot;,&quot;center_index&quot;:0}' class=\"wpmapblockrender\" style=\"\n\t\t\twidth: 99%;\n\t\t\theight: 525px;\n\t\t\"><\/div>\n        \n\n\n<p><\/p>\n\n\n<div class=\"wp-block-image\">\n<figure class=\"aligncenter size-large is-resized\"><img loading=\"lazy\" decoding=\"async\" width=\"1024\" height=\"768\" data-src=\"https:\/\/kailashyoga.fr\/wp-content\/uploads\/2022\/05\/279890215_392113259443364_5050039669273448004_n-1024x768.jpg\" alt=\"\" class=\"wp-image-1556 lazyload\" style=\"--smush-placeholder-width: 1024px; --smush-placeholder-aspect-ratio: 1024\/768;width:325px;height:243px\" data-srcset=\"https:\/\/kailashyoga.fr\/wp-content\/uploads\/2022\/05\/279890215_392113259443364_5050039669273448004_n-1024x768.jpg 1024w, https:\/\/kailashyoga.fr\/wp-content\/uploads\/2022\/05\/279890215_392113259443364_5050039669273448004_n-300x225.jpg 300w, https:\/\/kailashyoga.fr\/wp-content\/uploads\/2022\/05\/279890215_392113259443364_5050039669273448004_n-768x576.jpg 768w, https:\/\/kailashyoga.fr\/wp-content\/uploads\/2022\/05\/279890215_392113259443364_5050039669273448004_n-1536x1152.jpg 1536w, https:\/\/kailashyoga.fr\/wp-content\/uploads\/2022\/05\/279890215_392113259443364_5050039669273448004_n-960x720.jpg 960w, https:\/\/kailashyoga.fr\/wp-content\/uploads\/2022\/05\/279890215_392113259443364_5050039669273448004_n-640x480.jpg 640w, https:\/\/kailashyoga.fr\/wp-content\/uploads\/2022\/05\/279890215_392113259443364_5050039669273448004_n.jpg 2000w\" data-sizes=\"auto, (max-width: 1024px) 100vw, 1024px\" src=\"data:image\/gif;base64,R0lGODlhAQABAAAAACH5BAEKAAEALAAAAAABAAEAAAICTAEAOw==\" \/><noscript><img loading=\"lazy\" decoding=\"async\" width=\"1024\" height=\"768\" src=\"https:\/\/kailashyoga.fr\/wp-content\/uploads\/2022\/05\/279890215_392113259443364_5050039669273448004_n-1024x768.jpg\" alt=\"\" class=\"wp-image-1556\" style=\"width:325px;height:243px\" srcset=\"https:\/\/kailashyoga.fr\/wp-content\/uploads\/2022\/05\/279890215_392113259443364_5050039669273448004_n-1024x768.jpg 1024w, https:\/\/kailashyoga.fr\/wp-content\/uploads\/2022\/05\/279890215_392113259443364_5050039669273448004_n-300x225.jpg 300w, https:\/\/kailashyoga.fr\/wp-content\/uploads\/2022\/05\/279890215_392113259443364_5050039669273448004_n-768x576.jpg 768w, https:\/\/kailashyoga.fr\/wp-content\/uploads\/2022\/05\/279890215_392113259443364_5050039669273448004_n-1536x1152.jpg 1536w, https:\/\/kailashyoga.fr\/wp-content\/uploads\/2022\/05\/279890215_392113259443364_5050039669273448004_n-960x720.jpg 960w, https:\/\/kailashyoga.fr\/wp-content\/uploads\/2022\/05\/279890215_392113259443364_5050039669273448004_n-640x480.jpg 640w, https:\/\/kailashyoga.fr\/wp-content\/uploads\/2022\/05\/279890215_392113259443364_5050039669273448004_n.jpg 2000w\" sizes=\"auto, (max-width: 1024px) 100vw, 1024px\" \/><\/noscript><figcaption class=\"wp-element-caption\">Vriksasana N.Milliat<\/figcaption><\/figure><\/div>\n\n\n<h2 class=\"wp-block-heading\"><strong>Contactez moi<\/strong><\/h2>\n\n\n\n<h4 class=\"wp-block-heading\"><strong>contact@kailashyoga.fr<br>+33 (6) 72 74 81 61<\/strong><\/h4>\n\n\n\n<h4 class=\"wp-block-heading\"><a href=\"https:\/\/fr-fr.facebook.com\/kailashyogafrance\/\"><strong>Facebook<\/strong><\/a><\/h4>\n\n\n\n<h4 class=\"wp-block-heading\"><b><strong><a href=\"https:\/\/www.instagram.com\/noelle_milliat_kailash_yoga\/?hl=fr\" target=\"_blank\" rel=\"noopener noreferrer\">Instagram<\/a><\/strong><\/b><\/h4>\n\n\n\n<p style=\"font-size:10px\"><a href=\"https:\/\/www.yogadansmaville.fr\" target=\"_blank\" rel=\"noreferrer noopener\">https:\/\/www.yogadansmaville.fr<\/a><\/p>\n\n\n\n<h2 class=\"wp-block-heading\"><strong>Envoyer un message<\/strong><\/h2>\n\n\n\n<div class=\"wp-block-contact-form-7-contact-form-selector\">\n<div class=\"wpcf7 no-js\" id=\"wpcf7-f629-o1\" lang=\"fr-FR\" dir=\"ltr\" data-wpcf7-id=\"629\">\n<div class=\"screen-reader-response\"><p role=\"status\" aria-live=\"polite\" aria-atomic=\"true\"><\/p> <ul><\/ul><\/div>\n<form action=\"\/index.php\/wp-json\/wp\/v2\/pages\/185#wpcf7-f629-o1\" method=\"post\" class=\"wpcf7-form init\" aria-label=\"Formulaire de contact\" novalidate=\"novalidate\" data-status=\"init\">\n<div style=\"display: none;\">\n<input type=\"hidden\" name=\"_wpcf7\" value=\"629\" \/>\n<input type=\"hidden\" name=\"_wpcf7_version\" value=\"6.0.6\" \/>\n<input type=\"hidden\" name=\"_wpcf7_locale\" value=\"fr_FR\" \/>\n<input type=\"hidden\" name=\"_wpcf7_unit_tag\" value=\"wpcf7-f629-o1\" \/>\n<input type=\"hidden\" name=\"_wpcf7_container_post\" value=\"0\" \/>\n<input type=\"hidden\" name=\"_wpcf7_posted_data_hash\" value=\"\" \/>\n<\/div>\n<p><label> Votre nom (obligatoire)<br \/>\n<span class=\"wpcf7-form-control-wrap\" data-name=\"your-name\"><input size=\"40\" maxlength=\"400\" class=\"wpcf7-form-control wpcf7-text wpcf7-validates-as-required\" aria-required=\"true\" aria-invalid=\"false\" value=\"\" type=\"text\" name=\"your-name\" \/><\/span> <\/label>\n<\/p>\n<p><label> Votre adresse de messagerie (obligatoire)<br \/>\n<span class=\"wpcf7-form-control-wrap\" data-name=\"your-email\"><input size=\"40\" maxlength=\"400\" class=\"wpcf7-form-control wpcf7-email wpcf7-validates-as-required wpcf7-text wpcf7-validates-as-email\" aria-required=\"true\" aria-invalid=\"false\" value=\"\" type=\"email\" name=\"your-email\" \/><\/span> <\/label>\n<\/p>\n<p><label> Objet<br \/>\n<span class=\"wpcf7-form-control-wrap\" data-name=\"your-subject\"><input size=\"40\" maxlength=\"400\" class=\"wpcf7-form-control wpcf7-text\" aria-invalid=\"false\" value=\"\" type=\"text\" name=\"your-subject\" \/><\/span> <\/label>\n<\/p>\n<p><label> Votre message<br \/>\n<span class=\"wpcf7-form-control-wrap\" data-name=\"your-message\"><textarea cols=\"40\" rows=\"10\" maxlength=\"2000\" class=\"wpcf7-form-control wpcf7-textarea\" aria-invalid=\"false\" name=\"your-message\"><\/textarea><\/span> <\/label>\n<\/p>\n<p><input class=\"wpcf7-form-control wpcf7-submit has-spinner\" type=\"submit\" value=\"Envoyer\" \/>\n<\/p><p style=\"display: none !important;\" class=\"akismet-fields-container\" data-prefix=\"_wpcf7_ak_\"><label>&#916;<textarea name=\"_wpcf7_ak_hp_textarea\" cols=\"45\" rows=\"8\" maxlength=\"100\"><\/textarea><\/label><input type=\"hidden\" id=\"ak_js_1\" name=\"_wpcf7_ak_js\" value=\"212\"\/><script>document.getElementById( \"ak_js_1\" ).setAttribute( \"value\", ( new Date() ).getTime() );<\/script><\/p><div class=\"wpcf7-response-output\" aria-hidden=\"true\"><\/div>\n<\/form>\n<\/div>\n<\/div>\n\n\n\n<h5 class=\"wp-block-heading\"><em><strong>R\u00e8glement applicable \u00e0 tous les cours:<\/strong><\/em><\/h5>\n\n\n\n<p><em><strong>* Les cours sont tous niveaux : les \u00e9l\u00e8ves pratiquent en fonction de leurs possibilit\u00e9s et demandent l&rsquo;avis du professeur en cas de doute. Un avis m\u00e9dical peut \u00eatre conseill\u00e9 en cas de doute. Les \u00e9l\u00e8ves sont responsables de leur pratique et ne peuvent se retourner contre le professeur en cas de blessure.&nbsp;<\/strong><\/em><\/p>\n\n\n\n<p>**&nbsp;<em><strong>Conditions particuli\u00e8res des abonnements annuels : le r\u00e8glement s&rsquo;effectue en 1 ou 3 versements au choix (qui ne correspondent pas \u00e0 un r\u00e8glement par trimestre). Les abonnements ne sont pas remboursables : le tarifs des cours en abonnement \u00e9tant acquis par l&rsquo;engagement annuel des \u00e9l\u00e8ves. En cas de probl\u00e8me m\u00e9dical contrindiquant la pratique du yoga (avec justificatif) l&rsquo;abonnement peut \u00eatre report\u00e9.<\/strong><\/em><\/p>\n\n\n\n<figure class=\"wp-block-image\"><img decoding=\"async\" data-src=\"https:\/\/scontent-cdg2-1.xx.fbcdn.net\/v\/t15.5256-10\/95103358_2603274573254218_3654445951130533888_n.jpg?_nc_cat=107&amp;_nc_sid=08861d&amp;_nc_ohc=8v0XH3axuV4AX_s_QeQ&amp;_nc_ht=scontent-cdg2-1.xx&amp;oh=c9e48b44e46f7ea57f2c0f46d8890a71&amp;oe=5F246C38\" alt=\"\" src=\"data:image\/gif;base64,R0lGODlhAQABAAAAACH5BAEKAAEALAAAAAABAAEAAAICTAEAOw==\" class=\"lazyload\" \/><noscript><img decoding=\"async\" src=\"https:\/\/scontent-cdg2-1.xx.fbcdn.net\/v\/t15.5256-10\/95103358_2603274573254218_3654445951130533888_n.jpg?_nc_cat=107&amp;_nc_sid=08861d&amp;_nc_ohc=8v0XH3axuV4AX_s_QeQ&amp;_nc_ht=scontent-cdg2-1.xx&amp;oh=c9e48b44e46f7ea57f2c0f46d8890a71&amp;oe=5F246C38\" alt=\"\"\/><\/noscript><\/figure>\n\n\n\n<blockquote>\n<ul style=\"list-style-type: disc;\">\n<li><span style=\"color: #000000;\"><strong>Cours en ligne : 3 s\u00e9ries de 12 cours en vid\u00e9o disponibles \u00e0 la demande : <a style=\"color: #000000;\" href=\"https:\/\/kailashyoga.fr\/index.php\/cours-de-yoga-a-rennes\/\" target=\"_blank\" rel=\"noopener noreferrer\">infos et tarifs<\/a><\/strong><\/span><\/li>\n<\/ul>\n<\/blockquote>\n\n\n\n<p><span style=\"color: #333333;\"><span style=\"background-color: #ffffff;\">Les cours en ligne sont propos\u00e9s aux \u00e9l\u00e8ves abonn\u00e9s automatiquement. <\/span><span style=\"background-color: #ffffff;\">Pour toute personne int\u00e9ress\u00e9e par les cours en vid\u00e9o:<\/span><\/span><\/p>\n\n\n\n<ul class=\"wp-block-list\">\n<li><span style=\"color: #333333;\"><span style=\"background-color: #ffffff;\">4 cours avec No\u00eblle : 35\u20ac<\/span><\/span><\/li>\n\n\n\n<li><span style=\"color: #333333;\"><span style=\"background-color: #ffffff;\">12 cours (8 avec No\u00eblle et 4 avec Raggi) : 85\u20ac<\/span><\/span><\/li>\n<\/ul>\n\n\n\n<p><span style=\"color: #333333;\"><span style=\"background-color: #ffffff;\">Vous recevrez les liens pour visionner les cours autant de fois que vous voulez. Nous contacter par mail : contact@kailashyoga.fr<\/span><\/span><\/p>\n\n\n\n<h4 class=\"wp-block-heading\"><b>Tous les cours en Live Facebook r\u00e9alis\u00e9s pendant le confinement sont en acc\u00e8s libre sur ma <a href=\"https:\/\/www.facebook.com\/kailashyogafrance\/\" target=\"_blank\" rel=\"noopener noreferrer\">page Facebook<\/a> et sur la <a href=\"https:\/\/www.facebook.com\/EspritYogaMag\/\" target=\"_blank\" rel=\"noopener noreferrer\">page Facebook du magazine Esprit Yoga<\/a>.&nbsp;<\/b><\/h4>\n\n\n\n<h5 class=\"wp-block-heading\">&nbsp;<\/h5>\n","protected":false},"excerpt":{"rendered":"<p>Cours de Yoga \u00e0 Rennes, centre ville 2025-2026 Horaires des cours hebdomadaires : 2 enseignants : No\u00eblle (N) et Raggi (R) \/ tous niveaux \/ cours d&rsquo;1h Lundi 11h15 (R)<a href=\"https:\/\/kailashyoga.fr\/index.php\/cours-de-yoga-a-rennes\/\" class=\"more-link\"><span class=\"readmore\">Continue reading<span class=\"screen-reader-text\">Horaires, tarifs et r\u00e9servations<\/span><\/span><\/a><\/p>\n","protected":false},"author":1,"featured_media":0,"parent":0,"menu_order":0,"comment_status":"closed","ping_status":"closed","template":"","meta":{"_exactmetrics_skip_tracking":false,"_exactmetrics_sitenote_active":false,"_exactmetrics_sitenote_note":"","_exactmetrics_sitenote_category":0,"footnotes":""},"class_list":["post-185","page","type-page","status-publish","hentry"],"_links":{"self":[{"href":"https:\/\/kailashyoga.fr\/index.php\/wp-json\/wp\/v2\/pages\/185","targetHints":{"allow":["GET"]}}],"collection":[{"href":"https:\/\/kailashyoga.fr\/index.php\/wp-json\/wp\/v2\/pages"}],"about":[{"href":"https:\/\/kailashyoga.fr\/index.php\/wp-json\/wp\/v2\/types\/page"}],"author":[{"embeddable":true,"href":"https:\/\/kailashyoga.fr\/index.php\/wp-json\/wp\/v2\/users\/1"}],"replies":[{"embeddable":true,"href":"https:\/\/kailashyoga.fr\/index.php\/wp-json\/wp\/v2\/comments?post=185"}],"version-history":[{"count":249,"href":"https:\/\/kailashyoga.fr\/index.php\/wp-json\/wp\/v2\/pages\/185\/revisions"}],"predecessor-version":[{"id":2186,"href":"https:\/\/kailashyoga.fr\/index.php\/wp-json\/wp\/v2\/pages\/185\/revisions\/2186"}],"wp:attachment":[{"href":"https:\/\/kailashyoga.fr\/index.php\/wp-json\/wp\/v2\/media?parent=185"}],"curies":[{"name":"wp","href":"https:\/\/api.w.org\/{rel}","templated":true}]}}